{"id":27,"date":"2021-06-03T16:02:43","date_gmt":"2021-06-03T16:02:43","guid":{"rendered":"https:\/\/marieannecasselot.com\/?page_id=27"},"modified":"2025-06-02T16:34:49","modified_gmt":"2025-06-02T16:34:49","slug":"publications","status":"publish","type":"page","link":"https:\/\/marieannecasselot.com\/?page_id=27","title":{"rendered":"Publications"},"content":{"rendered":"\n<h5 class=\"wp-block-heading\"><strong>CO-AUTORAT<\/strong><\/h5>\n\n\n\n<ul class=\"wp-block-list\">\n<li>(2024) C\u00e9cile Gagnon et Marie-Anne Casselot, <a href=\"https:\/\/www.editions-rm.ca\/livres\/existantes\/\"><em>Existantes. Pour une philosophie f\u00e9ministe incarn\u00e9e<\/em><\/a>, \u00c9ditions du Remue-m\u00e9nage.&nbsp;<\/li>\n<\/ul>\n\n\n\n<h5 class=\"wp-block-heading\"><strong>CO-\u00c9DITION<\/strong><\/h5>\n\n\n\n<ul class=\"wp-block-list\">\n<li>(2017) Val\u00e9rie Lefebvre-Faucher et Marie-Anne Casselot<em>, <a href=\"https:\/\/www.editions-rm.ca\/livres\/faire-partie-du-monde\/\">Faire partie du monde | R\u00e9flexions \u00e9cof\u00e9ministes<\/a><\/em>, eds., \u00c9ditions du Remue-m\u00e9nage, 2017.<\/li>\n<\/ul>\n\n\n\n<figure class=\"wp-block-gallery has-nested-images columns-default is-cropped wp-block-gallery-1 is-layout-flex wp-block-gallery-is-layout-flex\">\n<figure class=\"wp-block-image size-large\"><img loading=\"lazy\" decoding=\"async\" width=\"682\" height=\"1024\" data-id=\"150\" src=\"https:\/\/marieannecasselot.com\/wp-content\/uploads\/2024\/08\/C1_Existantes-682x1024.jpg\" alt=\"\" class=\"wp-image-150\" srcset=\"https:\/\/marieannecasselot.com\/wp-content\/uploads\/2024\/08\/C1_Existantes-682x1024.jpg 682w, https:\/\/marieannecasselot.com\/wp-content\/uploads\/2024\/08\/C1_Existantes-200x300.jpg 200w, https:\/\/marieannecasselot.com\/wp-content\/uploads\/2024\/08\/C1_Existantes-768x1153.jpg 768w, https:\/\/marieannecasselot.com\/wp-content\/uploads\/2024\/08\/C1_Existantes-1023x1536.jpg 1023w, https:\/\/marieannecasselot.com\/wp-content\/uploads\/2024\/08\/C1_Existantes-1364x2048.jpg 1364w, https:\/\/marieannecasselot.com\/wp-content\/uploads\/2024\/08\/C1_Existantes.jpg 1499w\" sizes=\"auto, (max-width: 682px) 100vw, 682px\" \/><\/figure>\n\n\n\n<figure class=\"wp-block-image size-large\"><img loading=\"lazy\" decoding=\"async\" width=\"670\" height=\"1024\" data-id=\"101\" src=\"https:\/\/marieannecasselot.com\/wp-content\/uploads\/2021\/08\/FP-670x1024.jpeg\" alt=\"\" class=\"wp-image-101\" srcset=\"https:\/\/marieannecasselot.com\/wp-content\/uploads\/2021\/08\/FP-670x1024.jpeg 670w, https:\/\/marieannecasselot.com\/wp-content\/uploads\/2021\/08\/FP-196x300.jpeg 196w, https:\/\/marieannecasselot.com\/wp-content\/uploads\/2021\/08\/FP-768x1174.jpeg 768w, https:\/\/marieannecasselot.com\/wp-content\/uploads\/2021\/08\/FP.jpeg 920w\" sizes=\"auto, (max-width: 670px) 100vw, 670px\" \/><\/figure>\n<\/figure>\n\n\n\n<h5 class=\"wp-block-heading\">CHAPITRES DE LIVRES<\/h5>\n\n\n\n<ul class=\"wp-block-list\">\n<li>(2025, \u00e0 para\u00eetre au Seuil) Casselot, Marie-Anne. \u00ab \u00c9cof\u00e9minisme de Vandana Shiva et Maria Mies \u00bb, <em>Th\u00e9ories f\u00e9ministes<\/em>, ed. Camille Froidevaux-Metterie. <\/li>\n\n\n\n<li>(2022, Presses de l&rsquo;Universit\u00e9 du Qu\u00e9bec) Cot\u00e9, Myriam et Casselot, Marie-Anne. \u00ab Quand l&rsquo;\u00e9cran se fait miroir. \u00c9tude ph\u00e9nom\u00e9nologique de l&rsquo;autor\u00e9f\u00e9rentialit\u00e9 f\u00e9minine dans la visioconf\u00e9rence \u00bb, <a href=\"https:\/\/www.puq.ca\/catalogue\/livres\/habiter-monde-feminin-4235.html\"><em>Habiter le monde au f\u00e9minin. Entre r\u00e9cits et ph\u00e9nom\u00e9nologie<\/em><\/a>, ed. Christian Thiboutot et Florence Vinit.<\/li>\n\n\n\n<li>(2017) Casselot, Marie-Anne. \u00ab&nbsp;Cartographie de l\u2019\u00e9cof\u00e9minisme&nbsp;\u00bb, <em>Faire partie du monde | R\u00e9flexions \u00e9cof\u00e9ministes<\/em>, eds. Val\u00e9rie Lefebvre-Faucher et Marie-Anne Casselot, \u00c9ditions du Remue-m\u00e9nage, 2017.<\/li>\n\n\n\n<li>(2017) Casselot, Marie-Anne. \u00abUniversel\u00bb dans le <a href=\"http:\/\/editionssommetoute.com\/Livre\/dictionnaire-critique-du-sexisme-linguistique\"><em>Dictionnaire critique du sexisme linguistique<\/em><\/a>, ed. Suzanne Zaccour et Micha\u00ebl Lessard, \u00c9ditions Somme Toute, 2017.<\/li>\n\n\n\n<li>(2016) Casselot, Marie-Anne. Plusieurs textes.&nbsp;<a href=\"https:\/\/www.editions-rm.ca\/livres\/je-suis-feministe-le-livre\"><em>Je suis f\u00e9ministe, le livre<\/em><\/a>, ed. Marianne Prairie et Caroline-Roy-Blais, \u00c9ditions du Remue-m\u00e9nage, 2016.<\/li>\n<\/ul>\n\n\n\n<h5 class=\"wp-block-heading\"><strong>ARTICLES SCIENTIFIQUES <\/strong>(comit\u00e9 de pair.e.s)<\/h5>\n\n\n\n<ul class=\"wp-block-list\">\n<li>(2021) Casselot, Marie-Anne. \u00ab <a href=\"https:\/\/www.pdcnet.org\/symposium\/content\/symposium_2021_0025_0001_0110_0134\">L\u2019\u00e9puisement subjectif, un probl\u00e8me f\u00e9ministe<\/a> \u00bb, <em>Symposium: Revue&nbsp;canadienne pour la philosophie continentale<\/em>, Vol. 25, Num\u00e9ro 1, Hiver 2021.<\/li>\n\n\n\n<li>(2019) Casselot, Marie-Anne. \u00ab&nbsp;<a href=\"https:\/\/www.erudit.org\/fr\/revues\/rf\/2018-v31-n2-rf04300\/1056242ar\/#:~:text=Elle%20propose%20une%20ph%C3%A9nom%C3%A9nologie%20f%C3%A9ministe,le%20doute%20f%C3%A9ministe%20devient%20une\">Pour une ph\u00e9nom\u00e9nologie f\u00e9ministe du doute<\/a>&nbsp;\u00bb, <em>Recherches f\u00e9ministes<\/em>, Vol. 31, N. 2, Hiver 2019.<\/li>\n\n\n\n<li>(2017) Casselot, Marie-Anne. \u00ab&nbsp;<a href=\"https:\/\/www.pdcnet.org\/symposium\/content\/symposium_2017_0021_0002_0081_0100?file_type=pdf\">S\u2019asseoir comme un homme&nbsp;: sur le d\u00e9ploiement spatial genr\u00e9 avec Iris Marion Young<\/a>&nbsp;\u00bb <em>Symposium: Revue&nbsp;canadienne pour la philosophie continentale<\/em>, Volume 21, Num\u00e9ro 2, Automne 2017.<\/li>\n\n\n\n<li>(2017) Young, Iris Marion. \u00ab Lancer \u200bcomme une fille&nbsp;: une ph\u00e9nom\u00e9nologie du comportement corporel, de la motilit\u00e9 et de la spatialit\u00e9 f\u00e9minins&nbsp;\u00bb, Traduit de l&rsquo;anglais par Donald A. Landes,&nbsp;Marie-Anne Casselot et&nbsp;Capucine Mercier.&nbsp;<em>Symposium: Revue&nbsp;canadienne pour la philosophie continentale<\/em>, Volume 21, Num\u00e9ro 2, Automne 2017.<\/li>\n\n\n\n<li>(2016) Casselot, Marie-Anne. \u00ab&nbsp;Ecofeminist Echoes in New Materialism?&nbsp;\u00bb, <em>PhaenEx&nbsp;: Journal of Existential and Phenomenological Theory and Culture<\/em>, Vol. 11.1, (2016).<\/li>\n\n\n\n<li>(2015) Casselot, Marie-Anne. \u00ab<a href=\"https:\/\/issuu.com\/journalgnosis\/docs\/142\">The Inevitability of Care in a Posthuman World<\/a>&nbsp;\u00bb, <em>GNOSIS&nbsp;: Journal of Philosophy<\/em>, Vol. 14, No.2.<\/li>\n\n\n\n<li>(2011) Casselot, Marie-Anne. \u00ab<a href=\"https:\/\/iref.uqam.ca\/wp-content\/uploads\/sites\/56\/2021\/11\/Vol_16_contenu_v2.pdf\">&nbsp;L\u2019\u00e9cof\u00e9minisme, terreau fertile pour le f\u00e9minisme<\/a>&nbsp;\u00bb, <em>F\u00e9min\u00c9tudes<\/em>, Vol. 16, Hiver 2011.<\/li>\n\n\n\n<li>(2011) Casselot, Marie-Anne.<a href=\"https:\/\/gripuqam.org\/wp-content\/uploads\/2011\/02\/Casselot_Ecofeminisme.pdf\"><em> R\u00e9ciprocit\u00e9s militantes&nbsp;: l\u2019\u00e9cof\u00e9minisme, entre l\u2019\u00e9cologie et le f\u00e9minisme<\/em><\/a>,&nbsp;Groupe de recherche d\u2019int\u00e9r\u00eat public de l\u2019UQAM.<\/li>\n<\/ul>\n","protected":false},"excerpt":{"rendered":"<p>CO-AUTORAT CO-\u00c9DITION CHAPITRES DE LIVRES ARTICLES SCIENTIFIQUES (comit\u00e9 de pair.e.s)<\/p>\n","protected":false},"author":1,"featured_media":0,"parent":0,"menu_order":0,"comment_status":"closed","ping_status":"closed","template":"","meta":{"hide_page_title":"","_coblocks_attr":"","_coblocks_dimensions":"","_coblocks_responsive_height":"","_coblocks_accordion_ie_support":"","footnotes":""},"class_list":["post-27","page","type-page","status-publish","hentry"],"yoast_head":"<!-- This site is optimized with the Yoast SEO plugin v27.5 - https:\/\/yoast.com\/product\/yoast-seo-wordpress\/ -->\n<title>Publications - Marie-Anne Casselot<\/title>\n<meta name=\"robots\" content=\"index, follow, max-snippet:-1, max-image-preview:large, max-video-preview:-1\" \/>\n<link rel=\"canonical\" href=\"https:\/\/marieannecasselot.com\/?page_id=27\" \/>\n<meta property=\"og:locale\" content=\"fr_FR\" \/>\n<meta property=\"og:type\" content=\"article\" \/>\n<meta property=\"og:title\" content=\"Publications - Marie-Anne Casselot\" \/>\n<meta property=\"og:description\" content=\"CO-AUTORAT CO-\u00c9DITION CHAPITRES DE LIVRES ARTICLES SCIENTIFIQUES (comit\u00e9 de pair.e.s)\" \/>\n<meta property=\"og:url\" content=\"https:\/\/marieannecasselot.com\/?page_id=27\" \/>\n<meta property=\"og:site_name\" content=\"Marie-Anne Casselot\" \/>\n<meta property=\"article:modified_time\" content=\"2025-06-02T16:34:49+00:00\" \/>\n<meta property=\"og:image\" content=\"https:\/\/marieannecasselot.com\/wp-content\/uploads\/2024\/08\/C1_Existantes.jpg\" \/>\n\t<meta property=\"og:image:width\" content=\"1499\" \/>\n\t<meta property=\"og:image:height\" content=\"2251\" \/>\n\t<meta property=\"og:image:type\" content=\"image\/jpeg\" \/>\n<meta name=\"twitter:card\" content=\"summary_large_image\" \/>\n<meta name=\"twitter:label1\" content=\"Dur\u00e9e de lecture estim\u00e9e\" \/>\n\t<meta name=\"twitter:data1\" content=\"3 minutes\" \/>\n<script type=\"application\/ld+json\" class=\"yoast-schema-graph\">{\"@context\":\"https:\\\/\\\/schema.org\",\"@graph\":[{\"@type\":\"WebPage\",\"@id\":\"https:\\\/\\\/marieannecasselot.com\\\/?page_id=27\",\"url\":\"https:\\\/\\\/marieannecasselot.com\\\/?page_id=27\",\"name\":\"Publications - Marie-Anne Casselot\",\"isPartOf\":{\"@id\":\"https:\\\/\\\/marieannecasselot.com\\\/#website\"},\"primaryImageOfPage\":{\"@id\":\"https:\\\/\\\/marieannecasselot.com\\\/?page_id=27#primaryimage\"},\"image\":{\"@id\":\"https:\\\/\\\/marieannecasselot.com\\\/?page_id=27#primaryimage\"},\"thumbnailUrl\":\"https:\\\/\\\/marieannecasselot.com\\\/wp-content\\\/uploads\\\/2024\\\/08\\\/C1_Existantes-682x1024.jpg\",\"datePublished\":\"2021-06-03T16:02:43+00:00\",\"dateModified\":\"2025-06-02T16:34:49+00:00\",\"breadcrumb\":{\"@id\":\"https:\\\/\\\/marieannecasselot.com\\\/?page_id=27#breadcrumb\"},\"inLanguage\":\"fr-FR\",\"potentialAction\":[{\"@type\":\"ReadAction\",\"target\":[\"https:\\\/\\\/marieannecasselot.com\\\/?page_id=27\"]}]},{\"@type\":\"ImageObject\",\"inLanguage\":\"fr-FR\",\"@id\":\"https:\\\/\\\/marieannecasselot.com\\\/?page_id=27#primaryimage\",\"url\":\"https:\\\/\\\/marieannecasselot.com\\\/wp-content\\\/uploads\\\/2024\\\/08\\\/C1_Existantes.jpg\",\"contentUrl\":\"https:\\\/\\\/marieannecasselot.com\\\/wp-content\\\/uploads\\\/2024\\\/08\\\/C1_Existantes.jpg\",\"width\":1499,\"height\":2251},{\"@type\":\"BreadcrumbList\",\"@id\":\"https:\\\/\\\/marieannecasselot.com\\\/?page_id=27#breadcrumb\",\"itemListElement\":[{\"@type\":\"ListItem\",\"position\":1,\"name\":\"Accueil\",\"item\":\"https:\\\/\\\/marieannecasselot.com\\\/\"},{\"@type\":\"ListItem\",\"position\":2,\"name\":\"Publications\"}]},{\"@type\":\"WebSite\",\"@id\":\"https:\\\/\\\/marieannecasselot.com\\\/#website\",\"url\":\"https:\\\/\\\/marieannecasselot.com\\\/\",\"name\":\"Marie-Anne Casselot\",\"description\":\"\",\"publisher\":{\"@id\":\"https:\\\/\\\/marieannecasselot.com\\\/#\\\/schema\\\/person\\\/a089e602ab8298ea95d36349cf351b37\"},\"potentialAction\":[{\"@type\":\"SearchAction\",\"target\":{\"@type\":\"EntryPoint\",\"urlTemplate\":\"https:\\\/\\\/marieannecasselot.com\\\/?s={search_term_string}\"},\"query-input\":{\"@type\":\"PropertyValueSpecification\",\"valueRequired\":true,\"valueName\":\"search_term_string\"}}],\"inLanguage\":\"fr-FR\"},{\"@type\":[\"Person\",\"Organization\"],\"@id\":\"https:\\\/\\\/marieannecasselot.com\\\/#\\\/schema\\\/person\\\/a089e602ab8298ea95d36349cf351b37\",\"name\":\"marie-anne\",\"image\":{\"@type\":\"ImageObject\",\"inLanguage\":\"fr-FR\",\"@id\":\"https:\\\/\\\/secure.gravatar.com\\\/avatar\\\/c4c6a1cc86d5ba07a13fc4f9b2eb00746a7abcd8525fd2b0a4b538c69aa22d3c?s=96&d=mm&r=g\",\"url\":\"https:\\\/\\\/secure.gravatar.com\\\/avatar\\\/c4c6a1cc86d5ba07a13fc4f9b2eb00746a7abcd8525fd2b0a4b538c69aa22d3c?s=96&d=mm&r=g\",\"contentUrl\":\"https:\\\/\\\/secure.gravatar.com\\\/avatar\\\/c4c6a1cc86d5ba07a13fc4f9b2eb00746a7abcd8525fd2b0a4b538c69aa22d3c?s=96&d=mm&r=g\",\"caption\":\"marie-anne\"},\"logo\":{\"@id\":\"https:\\\/\\\/secure.gravatar.com\\\/avatar\\\/c4c6a1cc86d5ba07a13fc4f9b2eb00746a7abcd8525fd2b0a4b538c69aa22d3c?s=96&d=mm&r=g\"},\"sameAs\":[\"https:\\\/\\\/marieannecasselot.com\"]}]}<\/script>\n<!-- \/ Yoast SEO plugin. -->","yoast_head_json":{"title":"Publications - Marie-Anne Casselot","robots":{"index":"index","follow":"follow","max-snippet":"max-snippet:-1","max-image-preview":"max-image-preview:large","max-video-preview":"max-video-preview:-1"},"canonical":"https:\/\/marieannecasselot.com\/?page_id=27","og_locale":"fr_FR","og_type":"article","og_title":"Publications - Marie-Anne Casselot","og_description":"CO-AUTORAT CO-\u00c9DITION CHAPITRES DE LIVRES ARTICLES SCIENTIFIQUES (comit\u00e9 de pair.e.s)","og_url":"https:\/\/marieannecasselot.com\/?page_id=27","og_site_name":"Marie-Anne Casselot","article_modified_time":"2025-06-02T16:34:49+00:00","og_image":[{"width":1499,"height":2251,"url":"https:\/\/marieannecasselot.com\/wp-content\/uploads\/2024\/08\/C1_Existantes.jpg","type":"image\/jpeg"}],"twitter_card":"summary_large_image","twitter_misc":{"Dur\u00e9e de lecture estim\u00e9e":"3 minutes"},"schema":{"@context":"https:\/\/schema.org","@graph":[{"@type":"WebPage","@id":"https:\/\/marieannecasselot.com\/?page_id=27","url":"https:\/\/marieannecasselot.com\/?page_id=27","name":"Publications - Marie-Anne Casselot","isPartOf":{"@id":"https:\/\/marieannecasselot.com\/#website"},"primaryImageOfPage":{"@id":"https:\/\/marieannecasselot.com\/?page_id=27#primaryimage"},"image":{"@id":"https:\/\/marieannecasselot.com\/?page_id=27#primaryimage"},"thumbnailUrl":"https:\/\/marieannecasselot.com\/wp-content\/uploads\/2024\/08\/C1_Existantes-682x1024.jpg","datePublished":"2021-06-03T16:02:43+00:00","dateModified":"2025-06-02T16:34:49+00:00","breadcrumb":{"@id":"https:\/\/marieannecasselot.com\/?page_id=27#breadcrumb"},"inLanguage":"fr-FR","potentialAction":[{"@type":"ReadAction","target":["https:\/\/marieannecasselot.com\/?page_id=27"]}]},{"@type":"ImageObject","inLanguage":"fr-FR","@id":"https:\/\/marieannecasselot.com\/?page_id=27#primaryimage","url":"https:\/\/marieannecasselot.com\/wp-content\/uploads\/2024\/08\/C1_Existantes.jpg","contentUrl":"https:\/\/marieannecasselot.com\/wp-content\/uploads\/2024\/08\/C1_Existantes.jpg","width":1499,"height":2251},{"@type":"BreadcrumbList","@id":"https:\/\/marieannecasselot.com\/?page_id=27#breadcrumb","itemListElement":[{"@type":"ListItem","position":1,"name":"Accueil","item":"https:\/\/marieannecasselot.com\/"},{"@type":"ListItem","position":2,"name":"Publications"}]},{"@type":"WebSite","@id":"https:\/\/marieannecasselot.com\/#website","url":"https:\/\/marieannecasselot.com\/","name":"Marie-Anne Casselot","description":"","publisher":{"@id":"https:\/\/marieannecasselot.com\/#\/schema\/person\/a089e602ab8298ea95d36349cf351b37"},"potentialAction":[{"@type":"SearchAction","target":{"@type":"EntryPoint","urlTemplate":"https:\/\/marieannecasselot.com\/?s={search_term_string}"},"query-input":{"@type":"PropertyValueSpecification","valueRequired":true,"valueName":"search_term_string"}}],"inLanguage":"fr-FR"},{"@type":["Person","Organization"],"@id":"https:\/\/marieannecasselot.com\/#\/schema\/person\/a089e602ab8298ea95d36349cf351b37","name":"marie-anne","image":{"@type":"ImageObject","inLanguage":"fr-FR","@id":"https:\/\/secure.gravatar.com\/avatar\/c4c6a1cc86d5ba07a13fc4f9b2eb00746a7abcd8525fd2b0a4b538c69aa22d3c?s=96&d=mm&r=g","url":"https:\/\/secure.gravatar.com\/avatar\/c4c6a1cc86d5ba07a13fc4f9b2eb00746a7abcd8525fd2b0a4b538c69aa22d3c?s=96&d=mm&r=g","contentUrl":"https:\/\/secure.gravatar.com\/avatar\/c4c6a1cc86d5ba07a13fc4f9b2eb00746a7abcd8525fd2b0a4b538c69aa22d3c?s=96&d=mm&r=g","caption":"marie-anne"},"logo":{"@id":"https:\/\/secure.gravatar.com\/avatar\/c4c6a1cc86d5ba07a13fc4f9b2eb00746a7abcd8525fd2b0a4b538c69aa22d3c?s=96&d=mm&r=g"},"sameAs":["https:\/\/marieannecasselot.com"]}]}},"_links":{"self":[{"href":"https:\/\/marieannecasselot.com\/index.php?rest_route=\/wp\/v2\/pages\/27","targetHints":{"allow":["GET"]}}],"collection":[{"href":"https:\/\/marieannecasselot.com\/index.php?rest_route=\/wp\/v2\/pages"}],"about":[{"href":"https:\/\/marieannecasselot.com\/index.php?rest_route=\/wp\/v2\/types\/page"}],"author":[{"embeddable":true,"href":"https:\/\/marieannecasselot.com\/index.php?rest_route=\/wp\/v2\/users\/1"}],"replies":[{"embeddable":true,"href":"https:\/\/marieannecasselot.com\/index.php?rest_route=%2Fwp%2Fv2%2Fcomments&post=27"}],"version-history":[{"count":27,"href":"https:\/\/marieannecasselot.com\/index.php?rest_route=\/wp\/v2\/pages\/27\/revisions"}],"predecessor-version":[{"id":205,"href":"https:\/\/marieannecasselot.com\/index.php?rest_route=\/wp\/v2\/pages\/27\/revisions\/205"}],"wp:attachment":[{"href":"https:\/\/marieannecasselot.com\/index.php?rest_route=%2Fwp%2Fv2%2Fmedia&parent=27"}],"curies":[{"name":"wp","href":"https:\/\/api.w.org\/{rel}","templated":true}]}}