{"id":22,"date":"2021-06-03T15:54:11","date_gmt":"2021-06-03T15:54:11","guid":{"rendered":"https:\/\/marieannecasselot.com\/?page_id=22"},"modified":"2024-10-09T19:28:52","modified_gmt":"2024-10-09T19:28:52","slug":"__trashed","status":"publish","type":"page","link":"https:\/\/marieannecasselot.com\/","title":{"rendered":""},"content":{"rendered":"\n<div class=\"wp-block-columns is-layout-flex wp-container-core-columns-is-layout-9d6595d7 wp-block-columns-is-layout-flex\">\n<div class=\"wp-block-column is-vertically-aligned-top is-layout-flow wp-block-column-is-layout-flow\" style=\"flex-basis:100%\">\n<div class=\"wp-block-group\"><div class=\"wp-block-group__inner-container is-layout-constrained wp-block-group-is-layout-constrained\">\n<div class=\"wp-block-columns is-layout-flex wp-container-core-columns-is-layout-9d6595d7 wp-block-columns-is-layout-flex\">\n<div class=\"wp-block-column is-layout-flow wp-block-column-is-layout-flow\" style=\"flex-basis:100%\">\n<div class=\"wp-block-columns is-layout-flex wp-container-core-columns-is-layout-9d6595d7 wp-block-columns-is-layout-flex\">\n<div class=\"wp-block-column is-layout-flow wp-block-column-is-layout-flow\" style=\"flex-basis:100%\">\n<ul>\n<li aria-hidden=\"true\"><strong style=\"color: var(--go--color--text); font-family: var(--go--font-family); font-size: var(--go--font-size); letter-spacing: var(--go--letter-spacing,normal);\">Doctorat en philosophie <\/strong><br \/>\n<ul>\n<li aria-hidden=\"true\">\n<div style=\"text-align: left;\" aria-hidden=\"true\">Th\u00e8se \u00ab Corps et espace : sur le d\u00e9ploiement spatial genr\u00e9 \u00bb<\/div>\n<div style=\"text-align: left;\" aria-hidden=\"true\">Supervision: Donald A. Landes, Universit\u00e9 Laval, 2024 <\/div>\n<\/li>\n<\/ul>\n<\/li>\n<li><strong style=\"color: var(--go--color--text); font-family: var(--go--font-family); font-size: var(--go--font-size); letter-spacing: var(--go--letter-spacing,normal);\">Ma\u00eetrise en philosophie, c<\/strong><strong style=\"color: var(--go--color--text); font-family: var(--go--font-family); font-size: var(--go--font-size); letter-spacing: var(--go--letter-spacing,normal);\">oncentration en \u00e9tudes f\u00e9ministes<\/strong><br \/>\n<ul>\n<li>Universit\u00e9 McGill, 2015<\/li>\n<\/ul>\n<\/li>\n<li><strong>Baccalaur\u00e9at en philosophie<\/strong><br \/>\n<ul>\n<li>UQ\u00c0M, 2011<\/li>\n<\/ul>\n<\/li>\n<\/ul>\n<div aria-hidden=\"true\">\u00a0<\/div>\n<div aria-hidden=\"true\"><hr \/><\/div>\n<p><span style=\"background-color: var(--global--color-background); color: var(--global--color-primary); font-family: var(--global--font-secondary); font-size: var(--global--font-size-base);\"> J&rsquo;ai soutenu ma th\u00e8se de doctorat en philosophie en mai 2024. Je m&rsquo;y int\u00e9resse aux perspectives f\u00e9mini<\/span><span style=\"background-color: var(--global--color-background); color: var(--global--color-primary); font-family: var(--global--font-secondary); font-size: var(--global--font-size-base);\">stes en ph\u00e9nom\u00e9nologie existentielle, \u00e0 comment les sujets incarn\u00e9s prennent l&rsquo;espace selon leur genre et comment cela est interconnect\u00e9 aux rapports sociaux de genre dans les espaces publics. <\/span><span style=\"background-color: var(--global--color-background); color: var(--global--color-primary); font-family: var(--global--font-secondary); font-size: var(--global--font-size-base);\">Comment nos mouvements, notre d\u00e9marche, notre apparence renvoient-ils au f\u00e9minin ou au masculin dans l&rsquo;espace public ? <\/span><span style=\"background-color: var(--global--color-background); color: var(--global--color-primary); font-family: var(--global--font-secondary); font-size: var(--global--font-size-base);\">Et en retour, est-ce que les espaces publics actuellement construits favorisent le d\u00e9placement de certains corps genr\u00e9s ?\u00a0 L&rsquo;espace public actuel, patriarcal, renforce la dom<\/span><span style=\"background-color: var(--global--color-background); color: var(--global--color-primary); font-family: var(--global--font-secondary); font-size: var(--global--font-size-base);\">ination masculine sur les autres corps genr\u00e9s. \u00c9galement, je travaille sur les affects et je me sp\u00e9cialise sur leurs aspects f\u00e9ministes. Par exemp<span style=\"background-color: var(--global--color-background); color: var(--global--color-primary); font-family: var(--global--font-secondary); font-size: var(--global--font-size-base);\">le, existe-t-il un doute f\u00e9minin ? Comment la charge mentale se vit-elle chez les femmes ou les personnes marginalis\u00e9es ?\u00a0 <\/span><span style=\"background-color: var(--global--color-background); color: var(--global--color-primary); font-family: var(--global--font-secondary); font-size: var(--global--font-size-base);\">Je d\u00e9veloppe aussi une expertise sur l&rsquo;hist<\/span><span style=\"background-color: var(--global--color-background); color: var(--global--color-primary); font-family: var(--global--font-secondary); font-size: var(--global--font-size-base);\">oire des \u00e9cof\u00e9minismes comme faisant partie des mouvements f\u00e9ministes du 20e et 21e si\u00e8cles.\u00a0\n<\/div>\n<\/div>\n<\/div>\n<\/div>\n<\/div>\n<\/div><\/div>\n<\/div>\n<\/div>\n","protected":false},"excerpt":{"rendered":"<p>Doctorat en philosophie Th\u00e8se \u00ab Corps et espace : sur le d\u00e9ploiement spatial genr\u00e9 \u00bb Supervision: Donald A. Landes, Universit\u00e9 Laval, 2024 Ma\u00eetrise en philosophie, concentration en \u00e9tudes f\u00e9ministes Universit\u00e9 McGill, 2015 Baccalaur\u00e9at en philosophie UQ\u00c0M, 2011 \u00a0 J&rsquo;ai soutenu ma th\u00e8se de doctorat en philosophie en mai 2024. Je m&rsquo;y int\u00e9resse aux perspectives f\u00e9ministes [&hellip;]<\/p>\n","protected":false},"author":1,"featured_media":0,"parent":0,"menu_order":0,"comment_status":"closed","ping_status":"closed","template":"","meta":{"hide_page_title":"","_coblocks_attr":"","_coblocks_dimensions":"","_coblocks_responsive_height":"","_coblocks_accordion_ie_support":"","footnotes":""},"class_list":["post-22","page","type-page","status-publish","hentry"],"yoast_head":"<!-- This site is optimized with the Yoast SEO plugin v27.6 - https:\/\/yoast.com\/product\/yoast-seo-wordpress\/ -->\n<title>- Marie-Anne Casselot<\/title>\n<meta name=\"robots\" content=\"index, follow, max-snippet:-1, max-image-preview:large, max-video-preview:-1\" \/>\n<link rel=\"canonical\" href=\"https:\/\/marieannecasselot.com\/\" \/>\n<meta property=\"og:locale\" content=\"fr_FR\" \/>\n<meta property=\"og:type\" content=\"article\" \/>\n<meta property=\"og:title\" content=\"- Marie-Anne Casselot\" \/>\n<meta property=\"og:description\" content=\"Doctorat en philosophie Th\u00e8se \u00ab Corps et espace : sur le d\u00e9ploiement spatial genr\u00e9 \u00bb Supervision: Donald A. Landes, Universit\u00e9 Laval, 2024 Ma\u00eetrise en philosophie, concentration en \u00e9tudes f\u00e9ministes Universit\u00e9 McGill, 2015 Baccalaur\u00e9at en philosophie UQ\u00c0M, 2011 \u00a0 J&rsquo;ai soutenu ma th\u00e8se de doctorat en philosophie en mai 2024. Je m&rsquo;y int\u00e9resse aux perspectives f\u00e9ministes [&hellip;]\" \/>\n<meta property=\"og:url\" content=\"https:\/\/marieannecasselot.com\/\" \/>\n<meta property=\"og:site_name\" content=\"Marie-Anne Casselot\" \/>\n<meta property=\"article:modified_time\" content=\"2024-10-09T19:28:52+00:00\" \/>\n<meta name=\"twitter:card\" content=\"summary_large_image\" \/>\n<meta name=\"twitter:label1\" content=\"Dur\u00e9e de lecture estim\u00e9e\" \/>\n\t<meta name=\"twitter:data1\" content=\"1 minute\" \/>\n<script type=\"application\/ld+json\" class=\"yoast-schema-graph\">{\"@context\":\"https:\\\/\\\/schema.org\",\"@graph\":[{\"@type\":\"WebPage\",\"@id\":\"https:\\\/\\\/marieannecasselot.com\\\/\",\"url\":\"https:\\\/\\\/marieannecasselot.com\\\/\",\"name\":\"- Marie-Anne Casselot\",\"isPartOf\":{\"@id\":\"https:\\\/\\\/marieannecasselot.com\\\/#website\"},\"datePublished\":\"2021-06-03T15:54:11+00:00\",\"dateModified\":\"2024-10-09T19:28:52+00:00\",\"inLanguage\":\"fr-FR\",\"potentialAction\":[{\"@type\":\"ReadAction\",\"target\":[\"https:\\\/\\\/marieannecasselot.com\\\/\"]}]},{\"@type\":\"WebSite\",\"@id\":\"https:\\\/\\\/marieannecasselot.com\\\/#website\",\"url\":\"https:\\\/\\\/marieannecasselot.com\\\/\",\"name\":\"Marie-Anne Casselot\",\"description\":\"\",\"publisher\":{\"@id\":\"https:\\\/\\\/marieannecasselot.com\\\/#\\\/schema\\\/person\\\/a089e602ab8298ea95d36349cf351b37\"},\"potentialAction\":[{\"@type\":\"SearchAction\",\"target\":{\"@type\":\"EntryPoint\",\"urlTemplate\":\"https:\\\/\\\/marieannecasselot.com\\\/?s={search_term_string}\"},\"query-input\":{\"@type\":\"PropertyValueSpecification\",\"valueRequired\":true,\"valueName\":\"search_term_string\"}}],\"inLanguage\":\"fr-FR\"},{\"@type\":[\"Person\",\"Organization\"],\"@id\":\"https:\\\/\\\/marieannecasselot.com\\\/#\\\/schema\\\/person\\\/a089e602ab8298ea95d36349cf351b37\",\"name\":\"marie-anne\",\"image\":{\"@type\":\"ImageObject\",\"inLanguage\":\"fr-FR\",\"@id\":\"https:\\\/\\\/secure.gravatar.com\\\/avatar\\\/c4c6a1cc86d5ba07a13fc4f9b2eb00746a7abcd8525fd2b0a4b538c69aa22d3c?s=96&d=mm&r=g\",\"url\":\"https:\\\/\\\/secure.gravatar.com\\\/avatar\\\/c4c6a1cc86d5ba07a13fc4f9b2eb00746a7abcd8525fd2b0a4b538c69aa22d3c?s=96&d=mm&r=g\",\"contentUrl\":\"https:\\\/\\\/secure.gravatar.com\\\/avatar\\\/c4c6a1cc86d5ba07a13fc4f9b2eb00746a7abcd8525fd2b0a4b538c69aa22d3c?s=96&d=mm&r=g\",\"caption\":\"marie-anne\"},\"logo\":{\"@id\":\"https:\\\/\\\/secure.gravatar.com\\\/avatar\\\/c4c6a1cc86d5ba07a13fc4f9b2eb00746a7abcd8525fd2b0a4b538c69aa22d3c?s=96&d=mm&r=g\"},\"sameAs\":[\"https:\\\/\\\/marieannecasselot.com\"]}]}<\/script>\n<!-- \/ Yoast SEO plugin. -->","yoast_head_json":{"title":"- Marie-Anne Casselot","robots":{"index":"index","follow":"follow","max-snippet":"max-snippet:-1","max-image-preview":"max-image-preview:large","max-video-preview":"max-video-preview:-1"},"canonical":"https:\/\/marieannecasselot.com\/","og_locale":"fr_FR","og_type":"article","og_title":"- Marie-Anne Casselot","og_description":"Doctorat en philosophie Th\u00e8se \u00ab Corps et espace : sur le d\u00e9ploiement spatial genr\u00e9 \u00bb Supervision: Donald A. Landes, Universit\u00e9 Laval, 2024 Ma\u00eetrise en philosophie, concentration en \u00e9tudes f\u00e9ministes Universit\u00e9 McGill, 2015 Baccalaur\u00e9at en philosophie UQ\u00c0M, 2011 \u00a0 J&rsquo;ai soutenu ma th\u00e8se de doctorat en philosophie en mai 2024. Je m&rsquo;y int\u00e9resse aux perspectives f\u00e9ministes [&hellip;]","og_url":"https:\/\/marieannecasselot.com\/","og_site_name":"Marie-Anne Casselot","article_modified_time":"2024-10-09T19:28:52+00:00","twitter_card":"summary_large_image","twitter_misc":{"Dur\u00e9e de lecture estim\u00e9e":"1 minute"},"schema":{"@context":"https:\/\/schema.org","@graph":[{"@type":"WebPage","@id":"https:\/\/marieannecasselot.com\/","url":"https:\/\/marieannecasselot.com\/","name":"- Marie-Anne Casselot","isPartOf":{"@id":"https:\/\/marieannecasselot.com\/#website"},"datePublished":"2021-06-03T15:54:11+00:00","dateModified":"2024-10-09T19:28:52+00:00","inLanguage":"fr-FR","potentialAction":[{"@type":"ReadAction","target":["https:\/\/marieannecasselot.com\/"]}]},{"@type":"WebSite","@id":"https:\/\/marieannecasselot.com\/#website","url":"https:\/\/marieannecasselot.com\/","name":"Marie-Anne Casselot","description":"","publisher":{"@id":"https:\/\/marieannecasselot.com\/#\/schema\/person\/a089e602ab8298ea95d36349cf351b37"},"potentialAction":[{"@type":"SearchAction","target":{"@type":"EntryPoint","urlTemplate":"https:\/\/marieannecasselot.com\/?s={search_term_string}"},"query-input":{"@type":"PropertyValueSpecification","valueRequired":true,"valueName":"search_term_string"}}],"inLanguage":"fr-FR"},{"@type":["Person","Organization"],"@id":"https:\/\/marieannecasselot.com\/#\/schema\/person\/a089e602ab8298ea95d36349cf351b37","name":"marie-anne","image":{"@type":"ImageObject","inLanguage":"fr-FR","@id":"https:\/\/secure.gravatar.com\/avatar\/c4c6a1cc86d5ba07a13fc4f9b2eb00746a7abcd8525fd2b0a4b538c69aa22d3c?s=96&d=mm&r=g","url":"https:\/\/secure.gravatar.com\/avatar\/c4c6a1cc86d5ba07a13fc4f9b2eb00746a7abcd8525fd2b0a4b538c69aa22d3c?s=96&d=mm&r=g","contentUrl":"https:\/\/secure.gravatar.com\/avatar\/c4c6a1cc86d5ba07a13fc4f9b2eb00746a7abcd8525fd2b0a4b538c69aa22d3c?s=96&d=mm&r=g","caption":"marie-anne"},"logo":{"@id":"https:\/\/secure.gravatar.com\/avatar\/c4c6a1cc86d5ba07a13fc4f9b2eb00746a7abcd8525fd2b0a4b538c69aa22d3c?s=96&d=mm&r=g"},"sameAs":["https:\/\/marieannecasselot.com"]}]}},"_links":{"self":[{"href":"https:\/\/marieannecasselot.com\/index.php?rest_route=\/wp\/v2\/pages\/22","targetHints":{"allow":["GET"]}}],"collection":[{"href":"https:\/\/marieannecasselot.com\/index.php?rest_route=\/wp\/v2\/pages"}],"about":[{"href":"https:\/\/marieannecasselot.com\/index.php?rest_route=\/wp\/v2\/types\/page"}],"author":[{"embeddable":true,"href":"https:\/\/marieannecasselot.com\/index.php?rest_route=\/wp\/v2\/users\/1"}],"replies":[{"embeddable":true,"href":"https:\/\/marieannecasselot.com\/index.php?rest_route=%2Fwp%2Fv2%2Fcomments&post=22"}],"version-history":[{"count":32,"href":"https:\/\/marieannecasselot.com\/index.php?rest_route=\/wp\/v2\/pages\/22\/revisions"}],"predecessor-version":[{"id":197,"href":"https:\/\/marieannecasselot.com\/index.php?rest_route=\/wp\/v2\/pages\/22\/revisions\/197"}],"wp:attachment":[{"href":"https:\/\/marieannecasselot.com\/index.php?rest_route=%2Fwp%2Fv2%2Fmedia&parent=22"}],"curies":[{"name":"wp","href":"https:\/\/api.w.org\/{rel}","templated":true}]}}